{"id":2559,"date":"2020-04-07T20:01:27","date_gmt":"2020-04-07T20:01:27","guid":{"rendered":"https:\/\/isf.tvz.hr\/?page_id=2559"},"modified":"2020-05-08T06:31:11","modified_gmt":"2020-05-08T06:31:11","slug":"about-university","status":"publish","type":"page","link":"https:\/\/isf.tvz.hr\/index.php\/about-university\/","title":{"rendered":"About University"},"content":{"rendered":"<div class=\"fusion-fullwidth fullwidth-box fusion-builder-row-1 nonhundred-percent-fullwidth non-hundred-percent-height-scrolling\"  style='background-color: rgba(255,255,255,0);background-position: center center;background-repeat: no-repeat;padding-top:0px;padding-right:0px;padding-bottom:0px;padding-left:0px;'><div class=\"fusion-builder-row fusion-row \"><div  class=\"fusion-layout-column fusion_builder_column fusion_builder_column_1_3 fusion-builder-column-0 fusion-one-third fusion-column-first 1_3\"  style='margin-top:10px;margin-bottom:10px;width:33.33%;width:calc(33.33% - ( ( 4% ) * 0.3333 ) );margin-right: 4%;'><div class=\"fusion-column-wrapper\" style=\"padding: 0px 0px 0px 0px;background-position:left top;background-repeat:no-repeat;-webkit-background-size:cover;-moz-background-size:cover;-o-background-size:cover;background-size:cover;\"   data-bg-url=\"\"><span class=\"fusion-imageframe imageframe-none imageframe-1 hover-type-none\"><img loading=\"lazy\" src=\"https:\/\/isf.tvz.hr\/wp-content\/uploads\/2020\/02\/tvz_001_foto_3.jpg\" data-orig-src=\"https:\/\/isf.tvz.hr\/wp-content\/uploads\/2020\/02\/tvz_001_foto_3.jpg\" width=\"700\" height=\"400\" alt=\"\" title=\"tvz_001_foto_3\" class=\"lazyload img-responsive wp-image-2026\" srcset=\"data:image\/svg+xml,%3Csvg%20xmlns%3D%27http%3A%2F%2Fwww.w3.org%2F2000%2Fsvg%27%20width%3D%27700%27%20height%3D%27400%27%20viewBox%3D%270%200%20700%20400%27%3E%3Crect%20width%3D%27700%27%20height%3D%273400%27%20fill-opacity%3D%220%22%2F%3E%3C%2Fsvg%3E\" data-srcset=\"https:\/\/isf.tvz.hr\/wp-content\/uploads\/2020\/02\/tvz_001_foto_3-200x114.jpg 200w, https:\/\/isf.tvz.hr\/wp-content\/uploads\/2020\/02\/tvz_001_foto_3-400x229.jpg 400w, https:\/\/isf.tvz.hr\/wp-content\/uploads\/2020\/02\/tvz_001_foto_3-600x343.jpg 600w, https:\/\/isf.tvz.hr\/wp-content\/uploads\/2020\/02\/tvz_001_foto_3.jpg 700w\" data-sizes=\"auto\" data-orig-sizes=\"(max-width: 1000px) 100vw, 600px\" \/><\/span><div class=\"fusion-clearfix\"><\/div><\/div><\/div><div  class=\"fusion-layout-column fusion_builder_column fusion_builder_column_2_3 fusion-builder-column-1 fusion-two-third fusion-column-last 2_3\"  style='margin-top:10px;margin-bottom:10px;width:66.66%;width:calc(66.66% - ( ( 4% ) * 0.6666 ) );'><div class=\"fusion-column-wrapper\" style=\"padding: 0px 0px 0px 0px;background-position:left top;background-repeat:no-repeat;-webkit-background-size:cover;-moz-background-size:cover;-o-background-size:cover;background-size:cover;\"   data-bg-url=\"\"><div class=\"fusion-text\"><p>Zagreb University of Applied Sciences (Tehni\u010dko veleu\u010dili\u0161te u Zagrebu \u2013 TVZ) is a polytechnic university that offers education in various fields and professions, thus giving students the opportunity to meet the highest demands on the labour market.<\/p>\n<p>TVZ performs professional studies in five First cycle curricula \u2013 in Electrical Engineering, Civil Engineering, Informatics, Computing and Mechatronics and in three Second cycle curricula \u2013 in Civil engineering, Electrical engineering and Informatics.<\/p>\n<p>Aiming to provide students with the knowledge and skills needed for their future career prospects, TVZ has established close relations with some of the leading Croatian enterprises in the field of engineering in form of joint projects. Such collaboration results in professionals that have acquired theoretical as well as practical knowledge to meet the demands and developments in the field of engineering.<\/p>\n<p>High quality education that combines engineering and scientific expertise is conducted in an atmosphere of partnership and effective cooperation between more than 4000 students, around 100 full \u2013 time teachers, 24 administrative staff members and approximately 100 associates. As a study of applied sciences we have 10+ modern equiped specialized laboratiories together with more than 600 computers in our classrooms and PC Labs.<\/p>\n<p>Find more information about us <a href=\"https:\/\/www.tvz.hr\/?lang=en\" target=\"_blank\" rel=\"noopener noreferrer\">here<\/a>!<\/p>\n<\/div><div class=\"fusion-clearfix\"><\/div><\/div><\/div><\/div><\/div><style type=\"text\/css\">.fusion-fullwidth.fusion-builder-row-1 a:not(.fusion-button):not(.fusion-builder-module-control):not(.fusion-social-network-icon):not(.fb-icon-element):not(.fusion-countdown-link):not(.fusion-rollover-link):not(.fusion-rollover-gallery):not(.fusion-button-bar):not(.add_to_cart_button):not(.show_details_button):not(.product_type_external):not(.fusion-quick-view):not(.fusion-rollover-title-link):not(.fusion-breadcrumb-link) , .fusion-fullwidth.fusion-builder-row-1 a:not(.fusion-button):not(.fusion-builder-module-control):not(.fusion-social-network-icon):not(.fb-icon-element):not(.fusion-countdown-link):not(.fusion-rollover-link):not(.fusion-rollover-gallery):not(.fusion-button-bar):not(.add_to_cart_button):not(.show_details_button):not(.product_type_external):not(.fusion-quick-view):not(.fusion-rollover-title-link):not(.fusion-breadcrumb-link):before, .fusion-fullwidth.fusion-builder-row-1 a:not(.fusion-button):not(.fusion-builder-module-control):not(.fusion-social-network-icon):not(.fb-icon-element):not(.fusion-countdown-link):not(.fusion-rollover-link):not(.fusion-rollover-gallery):not(.fusion-button-bar):not(.add_to_cart_button):not(.show_details_button):not(.product_type_external):not(.fusion-quick-view):not(.fusion-rollover-title-link):not(.fusion-breadcrumb-link):after {color: #d20000;}.fusion-fullwidth.fusion-builder-row-1 a:not(.fusion-button):not(.fusion-builder-module-control):not(.fusion-social-network-icon):not(.fb-icon-element):not(.fusion-countdown-link):not(.fusion-rollover-link):not(.fusion-rollover-gallery):not(.fusion-button-bar):not(.add_to_cart_button):not(.show_details_button):not(.product_type_external):not(.fusion-quick-view):not(.fusion-rollover-title-link):not(.fusion-breadcrumb-link):hover, .fusion-fullwidth.fusion-builder-row-1 a:not(.fusion-button):not(.fusion-builder-module-control):not(.fusion-social-network-icon):not(.fb-icon-element):not(.fusion-countdown-link):not(.fusion-rollover-link):not(.fusion-rollover-gallery):not(.fusion-button-bar):not(.add_to_cart_button):not(.show_details_button):not(.product_type_external):not(.fusion-quick-view):not(.fusion-rollover-title-link):not(.fusion-breadcrumb-link):hover:before, .fusion-fullwidth.fusion-builder-row-1 a:not(.fusion-button):not(.fusion-builder-module-control):not(.fusion-social-network-icon):not(.fb-icon-element):not(.fusion-countdown-link):not(.fusion-rollover-link):not(.fusion-rollover-gallery):not(.fusion-button-bar):not(.add_to_cart_button):not(.show_details_button):not(.product_type_external):not(.fusion-quick-view):not(.fusion-rollover-title-link):not(.fusion-breadcrumb-link):hover:after {color: #d20000;}.fusion-fullwidth.fusion-builder-row-1 .pagination a.inactive:hover, .fusion-fullwidth.fusion-builder-row-1 .fusion-filters .fusion-filter.fusion-active a {border-color: #d20000;}.fusion-fullwidth.fusion-builder-row-1 .pagination .current {border-color: #d20000; background-color: #d20000;}.fusion-fullwidth.fusion-builder-row-1 .fusion-filters .fusion-filter.fusion-active a, .fusion-fullwidth.fusion-builder-row-1 .fusion-date-and-formats .fusion-format-box, .fusion-fullwidth.fusion-builder-row-1 .fusion-popover, .fusion-fullwidth.fusion-builder-row-1 .tooltip-shortcode {color: #d20000;}#main .fusion-fullwidth.fusion-builder-row-1 .post .blog-shortcode-post-title a:hover {color: #d20000;}<\/style>\n","protected":false},"excerpt":{"rendered":"","protected":false},"author":1,"featured_media":0,"parent":0,"menu_order":0,"comment_status":"closed","ping_status":"closed","template":"","meta":[],"yoast_head":"<!-- This site is optimized with the Yoast SEO plugin v17.5 - https:\/\/yoast.com\/wordpress\/plugins\/seo\/ -->\n<title>About University - TVZ - Information Security and Digital Forensics<\/title>\n<meta name=\"robots\" content=\"index, follow, max-snippet:-1, max-image-preview:large, max-video-preview:-1\" \/>\n<link rel=\"canonical\" href=\"https:\/\/isf.tvz.hr\/index.php\/about-university\/\" \/>\n<meta property=\"og:locale\" content=\"hr_HR\" \/>\n<meta property=\"og:type\" content=\"article\" \/>\n<meta property=\"og:title\" content=\"About University - TVZ - Information Security and Digital Forensics\" \/>\n<meta property=\"og:url\" content=\"https:\/\/isf.tvz.hr\/index.php\/about-university\/\" \/>\n<meta property=\"og:site_name\" content=\"TVZ - Information Security and Digital Forensics\" \/>\n<meta property=\"article:modified_time\" content=\"2020-05-08T06:31:11+00:00\" \/>\n<meta name=\"twitter:card\" content=\"summary_large_image\" \/>\n<meta name=\"twitter:label1\" content=\"Procijenjeno vrijeme \u010ditanja\" \/>\n\t<meta name=\"twitter:data1\" content=\"4 minute\" \/>\n<script type=\"application\/ld+json\" class=\"yoast-schema-graph\">{\"@context\":\"https:\/\/schema.org\",\"@graph\":[{\"@type\":\"WebSite\",\"@id\":\"https:\/\/isf.tvz.hr\/#website\",\"url\":\"https:\/\/isf.tvz.hr\/\",\"name\":\"TVZ - Information Security and Digital Forensics\",\"description\":\"Study Programme\",\"potentialAction\":[{\"@type\":\"SearchAction\",\"target\":{\"@type\":\"EntryPoint\",\"urlTemplate\":\"https:\/\/isf.tvz.hr\/?s={search_term_string}\"},\"query-input\":\"required name=search_term_string\"}],\"inLanguage\":\"hr\"},{\"@type\":\"WebPage\",\"@id\":\"https:\/\/isf.tvz.hr\/index.php\/about-university\/#webpage\",\"url\":\"https:\/\/isf.tvz.hr\/index.php\/about-university\/\",\"name\":\"About University - TVZ - Information Security and Digital Forensics\",\"isPartOf\":{\"@id\":\"https:\/\/isf.tvz.hr\/#website\"},\"datePublished\":\"2020-04-07T20:01:27+00:00\",\"dateModified\":\"2020-05-08T06:31:11+00:00\",\"breadcrumb\":{\"@id\":\"https:\/\/isf.tvz.hr\/index.php\/about-university\/#breadcrumb\"},\"inLanguage\":\"hr\",\"potentialAction\":[{\"@type\":\"ReadAction\",\"target\":[\"https:\/\/isf.tvz.hr\/index.php\/about-university\/\"]}]},{\"@type\":\"BreadcrumbList\",\"@id\":\"https:\/\/isf.tvz.hr\/index.php\/about-university\/#breadcrumb\",\"itemListElement\":[{\"@type\":\"ListItem\",\"position\":1,\"name\":\"Home\",\"item\":\"https:\/\/isf.tvz.hr\/\"},{\"@type\":\"ListItem\",\"position\":2,\"name\":\"About University\"}]}]}<\/script>\n<!-- \/ Yoast SEO plugin. -->","yoast_head_json":{"title":"About University - TVZ - Information Security and Digital Forensics","robots":{"index":"index","follow":"follow","max-snippet":"max-snippet:-1","max-image-preview":"max-image-preview:large","max-video-preview":"max-video-preview:-1"},"canonical":"https:\/\/isf.tvz.hr\/index.php\/about-university\/","og_locale":"hr_HR","og_type":"article","og_title":"About University - TVZ - Information Security and Digital Forensics","og_url":"https:\/\/isf.tvz.hr\/index.php\/about-university\/","og_site_name":"TVZ - Information Security and Digital Forensics","article_modified_time":"2020-05-08T06:31:11+00:00","twitter_card":"summary_large_image","twitter_misc":{"Procijenjeno vrijeme \u010ditanja":"4 minute"},"schema":{"@context":"https:\/\/schema.org","@graph":[{"@type":"WebSite","@id":"https:\/\/isf.tvz.hr\/#website","url":"https:\/\/isf.tvz.hr\/","name":"TVZ - Information Security and Digital Forensics","description":"Study Programme","potentialAction":[{"@type":"SearchAction","target":{"@type":"EntryPoint","urlTemplate":"https:\/\/isf.tvz.hr\/?s={search_term_string}"},"query-input":"required name=search_term_string"}],"inLanguage":"hr"},{"@type":"WebPage","@id":"https:\/\/isf.tvz.hr\/index.php\/about-university\/#webpage","url":"https:\/\/isf.tvz.hr\/index.php\/about-university\/","name":"About University - TVZ - Information Security and Digital Forensics","isPartOf":{"@id":"https:\/\/isf.tvz.hr\/#website"},"datePublished":"2020-04-07T20:01:27+00:00","dateModified":"2020-05-08T06:31:11+00:00","breadcrumb":{"@id":"https:\/\/isf.tvz.hr\/index.php\/about-university\/#breadcrumb"},"inLanguage":"hr","potentialAction":[{"@type":"ReadAction","target":["https:\/\/isf.tvz.hr\/index.php\/about-university\/"]}]},{"@type":"BreadcrumbList","@id":"https:\/\/isf.tvz.hr\/index.php\/about-university\/#breadcrumb","itemListElement":[{"@type":"ListItem","position":1,"name":"Home","item":"https:\/\/isf.tvz.hr\/"},{"@type":"ListItem","position":2,"name":"About University"}]}]}},"_links":{"self":[{"href":"https:\/\/isf.tvz.hr\/index.php\/wp-json\/wp\/v2\/pages\/2559"}],"collection":[{"href":"https:\/\/isf.tvz.hr\/index.php\/wp-json\/wp\/v2\/pages"}],"about":[{"href":"https:\/\/isf.tvz.hr\/index.php\/wp-json\/wp\/v2\/types\/page"}],"author":[{"embeddable":true,"href":"https:\/\/isf.tvz.hr\/index.php\/wp-json\/wp\/v2\/users\/1"}],"replies":[{"embeddable":true,"href":"https:\/\/isf.tvz.hr\/index.php\/wp-json\/wp\/v2\/comments?post=2559"}],"version-history":[{"count":3,"href":"https:\/\/isf.tvz.hr\/index.php\/wp-json\/wp\/v2\/pages\/2559\/revisions"}],"predecessor-version":[{"id":2966,"href":"https:\/\/isf.tvz.hr\/index.php\/wp-json\/wp\/v2\/pages\/2559\/revisions\/2966"}],"wp:attachment":[{"href":"https:\/\/isf.tvz.hr\/index.php\/wp-json\/wp\/v2\/media?parent=2559"}],"curies":[{"name":"wp","href":"https:\/\/api.w.org\/{rel}","templated":true}]}}